{"id":807,"date":"2025-03-11T19:42:31","date_gmt":"2025-03-11T19:42:31","guid":{"rendered":"https:\/\/naniloft.innovative-lab.de\/?page_id=807"},"modified":"2025-03-11T19:44:07","modified_gmt":"2025-03-11T19:44:07","slug":"barrierefreiheit","status":"publish","type":"page","link":"https:\/\/naniloft.innovative-lab.de\/index.php\/barrierefreiheit\/","title":{"rendered":"Barrierefreiheit"},"content":{"rendered":"\t\t<div data-elementor-type=\"wp-page\" data-elementor-id=\"807\" class=\"elementor elementor-807\" data-elementor-post-type=\"page\">\n\t\t\t\t<div class=\"elementor-element elementor-element-92df97d e-flex e-con-boxed e-con e-parent\" data-id=\"92df97d\" data-element_type=\"container\">\n\t\t\t\t\t<div class=\"e-con-inner\">\n\t\t\t\t<div class=\"elementor-element elementor-element-076f2b8 elementor-widget elementor-widget-text-editor\" data-id=\"076f2b8\" data-element_type=\"widget\" data-widget_type=\"text-editor.default\">\n\t\t\t\t<div class=\"elementor-widget-container\">\n\t\t\t\t\t\t\t\t\t<p data-pm-slice=\"1 1 []\"><strong>Barrierefreiheits-Erkl\u00e4rung f\u00fcr die Website von Nani Cosmetic GmbH<\/strong><\/p><p>Die Nani Cosmetic GmbH setzt sich daf\u00fcr ein, digitale Barrierefreiheit f\u00fcr Menschen mit Behinderungen sicherzustellen. Wir verbessern kontinuierlich die Benutzererfahrung f\u00fcr alle und wenden die einschl\u00e4gigen Barrierefreiheitsstandards an.<\/p><p><strong>Konformit\u00e4tsstatus<\/strong><\/p><p>Das Barrierefreiheitsst\u00e4rkungsgesetz (BFSG) verpflichtet Unternehmen zur digitalen Barrierefreiheit, um die uneingeschr\u00e4nkte Nutzung f\u00fcr alle Menschen zu gew\u00e4hrleisten. Grundlage daf\u00fcr sind die Web Content Accessibility Guidelines (WCAG), die Anforderungen an Designer und Entwickler stellen, um Barrieren f\u00fcr Menschen mit Behinderungen zu reduzieren. Die Richtlinien definieren drei Konformit\u00e4tsstufen: Stufe A, Stufe AA und Stufe AAA.<\/p><p>Die Nani Cosmetic GmbH arbeitet kontinuierlich daran, die Barrierefreiheit ihrer Website und Dienstleistungen zu verbessern, da es unsere gemeinsame gesellschaftliche Verantwortung ist, allen Menschen einen barrierefreien Zugang zu unseren Inhalten zu erm\u00f6glichen.<\/p><p>Wir setzen uns zum Ziel, alle Seiten und Inhalte auf <a href=\"https:\/\/www.nani-loft.de\/\">https:\/\/www.nani-loft.de<\/a> zug\u00e4nglich zu gestalten. Es kann jedoch vorkommen, dass bestimmte Inhalte noch nicht vollst\u00e4ndig den h\u00f6chsten Barrierefreiheitsstandards entsprechen. Dies kann auf technische Herausforderungen bei der Implementierung der bestm\u00f6glichen L\u00f6sung zur\u00fcckzuf\u00fchren sein.<\/p><p>Diese Erkl\u00e4rung wird regelm\u00e4\u00dfig aktualisiert, um Verbesserungen oder \u00c4nderungen unserer Barrierefreiheitspraktiken widerzuspiegeln.<\/p><p><strong>Feedback<\/strong><\/p><p>Wir freuen uns \u00fcber Ihr Feedback zur Barrierefreiheit der Website der Nani Cosmetic GmbH. Bitte lassen Sie uns wissen, falls Sie auf unserer Website auf Barrieren sto\u00dfen:<\/p><p>E-Mail: <a>info@nani-loft.de<\/a><\/p><p>Wir bem\u00fchen uns, R\u00fcckmeldungen innerhalb von 3\u20135 Werktagen zu beantworten.<\/p><p>Diese Erkl\u00e4rung wurde am 11.03.2025 erstellt.<\/p><p><strong>F\u00fcr das Unternehmen:<\/strong><\/p><p>Nani Cosmetic GmbH<br \/>Am Kuhm 44<br \/>46325 Borken<\/p><p>Heike K\u00f6rntgen-Schreck<br \/>+49 178 84 61 456<\/p><p>E-Mail: <a>info@nani-loft.de<\/a><br \/>(Bitte beachten Sie, dass diese E-Mail-Adresse nicht f\u00fcr Terminvereinbarungen genutzt werden kann.)<\/p>\t\t\t\t\t\t\t\t<\/div>\n\t\t\t\t<\/div>\n\t\t\t\t\t<\/div>\n\t\t\t\t<\/div>\n\t\t\t\t<\/div>\n\t\t","protected":false},"excerpt":{"rendered":"<p>Barrierefreiheits-Erkl\u00e4rung f\u00fcr die Website von Nani Cosmetic GmbH Die Nani Cosmetic GmbH setzt sich daf\u00fcr ein, digitale Barrierefreiheit f\u00fcr Menschen mit Behinderungen sicherzustellen. Wir verbessern kontinuierlich die Benutzererfahrung f\u00fcr alle und wenden die einschl\u00e4gigen Barrierefreiheitsstandards an. Konformit\u00e4tsstatus Das Barrierefreiheitsst\u00e4rkungsgesetz (BFSG) verpflichtet Unternehmen zur digitalen Barrierefreiheit, um die uneingeschr\u00e4nkte Nutzung f\u00fcr alle Menschen zu gew\u00e4hrleisten. Grundlage [&hellip;]<\/p>\n","protected":false},"author":1,"featured_media":0,"parent":0,"menu_order":0,"comment_status":"closed","ping_status":"closed","template":"","meta":{"footnotes":""},"class_list":["post-807","page","type-page","status-publish","hentry"],"_links":{"self":[{"href":"https:\/\/naniloft.innovative-lab.de\/index.php\/wp-json\/wp\/v2\/pages\/807","targetHints":{"allow":["GET"]}}],"collection":[{"href":"https:\/\/naniloft.innovative-lab.de\/index.php\/wp-json\/wp\/v2\/pages"}],"about":[{"href":"https:\/\/naniloft.innovative-lab.de\/index.php\/wp-json\/wp\/v2\/types\/page"}],"author":[{"embeddable":true,"href":"https:\/\/naniloft.innovative-lab.de\/index.php\/wp-json\/wp\/v2\/users\/1"}],"replies":[{"embeddable":true,"href":"https:\/\/naniloft.innovative-lab.de\/index.php\/wp-json\/wp\/v2\/comments?post=807"}],"version-history":[{"count":4,"href":"https:\/\/naniloft.innovative-lab.de\/index.php\/wp-json\/wp\/v2\/pages\/807\/revisions"}],"predecessor-version":[{"id":811,"href":"https:\/\/naniloft.innovative-lab.de\/index.php\/wp-json\/wp\/v2\/pages\/807\/revisions\/811"}],"wp:attachment":[{"href":"https:\/\/naniloft.innovative-lab.de\/index.php\/wp-json\/wp\/v2\/media?parent=807"}],"curies":[{"name":"wp","href":"https:\/\/api.w.org\/{rel}","templated":true}]}}