{"id":660,"date":"2025-02-22T16:07:35","date_gmt":"2025-02-22T16:07:35","guid":{"rendered":"https:\/\/naniloft.innovative-lab.de\/?page_id=660"},"modified":"2025-03-13T10:36:38","modified_gmt":"2025-03-13T10:36:38","slug":"gutschein","status":"publish","type":"page","link":"https:\/\/naniloft.innovative-lab.de\/index.php\/gutschein\/","title":{"rendered":"Gutschein"},"content":{"rendered":"\t\t<div data-elementor-type=\"wp-page\" data-elementor-id=\"660\" class=\"elementor elementor-660\" data-elementor-post-type=\"page\">\n\t\t\t\t<div class=\"elementor-element elementor-element-77cfcde e-con-full e-flex e-con e-parent\" data-id=\"77cfcde\" data-element_type=\"container\">\n\t\t<div class=\"elementor-element elementor-element-e9df521 e-con-full e-flex e-con e-child\" data-id=\"e9df521\" data-element_type=\"container\" data-settings=\"{&quot;background_background&quot;:&quot;classic&quot;}\">\n\t\t\t\t<\/div>\n\t\t<div class=\"elementor-element elementor-element-0ce3a4b e-flex e-con-boxed e-con e-child\" data-id=\"0ce3a4b\" data-element_type=\"container\" data-settings=\"{&quot;background_background&quot;:&quot;classic&quot;}\">\n\t\t\t\t\t<div class=\"e-con-inner\">\n\t\t\t\t<div class=\"elementor-element elementor-element-620922f elementor-widget__width-initial elementor-widget elementor-widget-heading\" data-id=\"620922f\" data-element_type=\"widget\" data-widget_type=\"heading.default\">\n\t\t\t\t<div class=\"elementor-widget-container\">\n\t\t\t\t\t<h1 class=\"elementor-heading-title elementor-size-default\"> <span style=\"color:#877057;font-style:italic\"> Auszeit <\/span>&nbsp;zum Verschenken<\/h1>\t\t\t\t<\/div>\n\t\t\t\t<\/div>\n\t\t\t\t<div class=\"elementor-element elementor-element-6b37dfd elementor-widget__width-initial elementor-widget elementor-widget-text-editor\" data-id=\"6b37dfd\" data-element_type=\"widget\" data-widget_type=\"text-editor.default\">\n\t\t\t\t<div class=\"elementor-widget-container\">\n\t\t\t\t\t\t\t\t\t<p>Ein Gutschein f\u00fcr das Nani Loft ist mehr als nur ein Geschenk \u2013 er ist eine Einladung zum Wohlf\u00fchlen, Entspannen und Genie\u00dfen. Ob f\u00fcr <strong>eine verw\u00f6hnende Behandlung<\/strong> oder exklusive <strong>Nani-Produkte<\/strong>, hier findet jeder sein pers\u00f6nliches Verw\u00f6hnmoment. Jetzt Freude schenken!<\/p>\t\t\t\t\t\t\t\t<\/div>\n\t\t\t\t<\/div>\n\t\t\t\t<div class=\"elementor-element elementor-element-83eb53d elementor-align-left elementor-tablet-align-left elementor-widget elementor-widget-button\" data-id=\"83eb53d\" data-element_type=\"widget\" data-widget_type=\"button.default\">\n\t\t\t\t<div class=\"elementor-widget-container\">\n\t\t\t\t\t\t\t\t\t<div class=\"elementor-button-wrapper\">\n\t\t\t\t\t<a class=\"elementor-button elementor-button-link elementor-size-sm\" href=\"https:\/\/naniloft.innovative-lab.de\/index.php\/kontakt\/\">\n\t\t\t\t\t\t<span class=\"elementor-button-content-wrapper\">\n\t\t\t\t\t\t\t\t\t<span class=\"elementor-button-text\">Jetzt einen Gutschein bestellen<\/span>\n\t\t\t\t\t<\/span>\n\t\t\t\t\t<\/a>\n\t\t\t\t<\/div>\n\t\t\t\t\t\t\t\t<\/div>\n\t\t\t\t<\/div>\n\t\t\t\t\t<\/div>\n\t\t\t\t<\/div>\n\t\t\t\t<\/div>\n\t\t\t\t<\/div>\n\t\t","protected":false},"excerpt":{"rendered":"<p>Auszeit &nbsp;zum Verschenken Ein Gutschein f\u00fcr das Nani Loft ist mehr als nur ein Geschenk \u2013 er ist eine Einladung zum Wohlf\u00fchlen, Entspannen und Genie\u00dfen. Ob f\u00fcr eine verw\u00f6hnende Behandlung oder exklusive Nani-Produkte, hier findet jeder sein pers\u00f6nliches Verw\u00f6hnmoment. Jetzt Freude schenken! Jetzt einen Gutschein bestellen<\/p>\n","protected":false},"author":1,"featured_media":0,"parent":0,"menu_order":0,"comment_status":"closed","ping_status":"closed","template":"","meta":{"footnotes":""},"class_list":["post-660","page","type-page","status-publish","hentry"],"_links":{"self":[{"href":"https:\/\/naniloft.innovative-lab.de\/index.php\/wp-json\/wp\/v2\/pages\/660","targetHints":{"allow":["GET"]}}],"collection":[{"href":"https:\/\/naniloft.innovative-lab.de\/index.php\/wp-json\/wp\/v2\/pages"}],"about":[{"href":"https:\/\/naniloft.innovative-lab.de\/index.php\/wp-json\/wp\/v2\/types\/page"}],"author":[{"embeddable":true,"href":"https:\/\/naniloft.innovative-lab.de\/index.php\/wp-json\/wp\/v2\/users\/1"}],"replies":[{"embeddable":true,"href":"https:\/\/naniloft.innovative-lab.de\/index.php\/wp-json\/wp\/v2\/comments?post=660"}],"version-history":[{"count":22,"href":"https:\/\/naniloft.innovative-lab.de\/index.php\/wp-json\/wp\/v2\/pages\/660\/revisions"}],"predecessor-version":[{"id":916,"href":"https:\/\/naniloft.innovative-lab.de\/index.php\/wp-json\/wp\/v2\/pages\/660\/revisions\/916"}],"wp:attachment":[{"href":"https:\/\/naniloft.innovative-lab.de\/index.php\/wp-json\/wp\/v2\/media?parent=660"}],"curies":[{"name":"wp","href":"https:\/\/api.w.org\/{rel}","templated":true}]}}