{"id":639,"date":"2025-02-22T15:58:02","date_gmt":"2025-02-22T15:58:02","guid":{"rendered":"https:\/\/naniloft.innovative-lab.de\/?page_id=639"},"modified":"2025-04-09T08:03:25","modified_gmt":"2025-04-09T08:03:25","slug":"nani-fashion-friends","status":"publish","type":"page","link":"https:\/\/naniloft.innovative-lab.de\/index.php\/nani-fashion-friends\/","title":{"rendered":"Nani Fashion &#038; Friends"},"content":{"rendered":"\t\t<div data-elementor-type=\"wp-page\" data-elementor-id=\"639\" class=\"elementor elementor-639\" data-elementor-post-type=\"page\">\n\t\t\t\t<div class=\"elementor-element elementor-element-70324a9 e-con-full e-flex e-con e-parent\" data-id=\"70324a9\" data-element_type=\"container\">\n\t\t<div class=\"elementor-element elementor-element-89a216b e-flex e-con-boxed e-con e-child\" data-id=\"89a216b\" data-element_type=\"container\" data-settings=\"{&quot;background_background&quot;:&quot;classic&quot;}\">\n\t\t\t\t\t<div class=\"e-con-inner\">\n\t\t\t\t<div class=\"elementor-element elementor-element-25a086f elementor-widget__width-initial elementor-widget elementor-widget-heading\" data-id=\"25a086f\" data-element_type=\"widget\" data-widget_type=\"heading.default\">\n\t\t\t\t<div class=\"elementor-widget-container\">\n\t\t\t\t\t<h1 class=\"elementor-heading-title elementor-size-default\">Nani Fashion & Friends<\/h1>\t\t\t\t<\/div>\n\t\t\t\t<\/div>\n\t\t\t\t<div class=\"elementor-element elementor-element-2b0fd1f elementor-widget__width-initial elementor-widget-mobile__width-inherit elementor-widget elementor-widget-text-editor\" data-id=\"2b0fd1f\" data-element_type=\"widget\" data-widget_type=\"text-editor.default\">\n\t\t\t\t<div class=\"elementor-widget-container\">\n\t\t\t\t\t\t\t\t\t<p>St\u00f6bert gemeinsam, findet eure neuen Lieblingsst\u00fccke und erlebt Shopping, das ganz euch geh\u00f6rt.<\/p>\t\t\t\t\t\t\t\t<\/div>\n\t\t\t\t<\/div>\n\t\t\t\t\t<\/div>\n\t\t\t\t<\/div>\n\t\t\t\t<\/div>\n\t\t<div class=\"elementor-element elementor-element-a6aae7b e-con-full e-flex e-con e-parent\" data-id=\"a6aae7b\" data-element_type=\"container\" data-settings=\"{&quot;background_background&quot;:&quot;classic&quot;}\">\n\t\t\t\t<div class=\"elementor-element elementor-element-e8d9962 elementor-widget elementor-widget-n-carousel\" data-id=\"e8d9962\" data-element_type=\"widget\" data-settings=\"{&quot;carousel_items&quot;:[{&quot;slide_title&quot;:&quot;Slide #1&quot;,&quot;_id&quot;:&quot;4b5f163&quot;},{&quot;slide_title&quot;:&quot;Slide #1&quot;,&quot;_id&quot;:&quot;955602f&quot;},{&quot;slide_title&quot;:&quot;Slide #1&quot;,&quot;_id&quot;:&quot;c714670&quot;},{&quot;slide_title&quot;:&quot;Slide #1&quot;,&quot;_id&quot;:&quot;8ca6a12&quot;},{&quot;slide_title&quot;:&quot;Slide #1&quot;,&quot;_id&quot;:&quot;fff680b&quot;}],&quot;slides_to_show&quot;:&quot;3&quot;,&quot;slides_to_show_mobile&quot;:&quot;2&quot;,&quot;slides_to_scroll&quot;:&quot;1&quot;,&quot;autoplay_speed&quot;:0,&quot;speed&quot;:5000,&quot;offset_sides&quot;:&quot;both&quot;,&quot;offset_width_tablet&quot;:{&quot;unit&quot;:&quot;px&quot;,&quot;size&quot;:50,&quot;sizes&quot;:[]},&quot;offset_width_mobile&quot;:{&quot;unit&quot;:&quot;px&quot;,&quot;size&quot;:20,&quot;sizes&quot;:[]},&quot;image_spacing_custom&quot;:{&quot;unit&quot;:&quot;px&quot;,&quot;size&quot;:50,&quot;sizes&quot;:[]},&quot;image_spacing_custom_tablet&quot;:{&quot;unit&quot;:&quot;px&quot;,&quot;size&quot;:50,&quot;sizes&quot;:[]},&quot;image_spacing_custom_mobile&quot;:{&quot;unit&quot;:&quot;px&quot;,&quot;size&quot;:20,&quot;sizes&quot;:[]},&quot;slides_to_show_tablet&quot;:&quot;2&quot;,&quot;autoplay&quot;:&quot;yes&quot;,&quot;infinite&quot;:&quot;yes&quot;,&quot;offset_width&quot;:{&quot;unit&quot;:&quot;px&quot;,&quot;size&quot;:80,&quot;sizes&quot;:[]}}\" data-widget_type=\"nested-carousel.default\">\n\t\t\t\t<div class=\"elementor-widget-container\">\n\t\t\t\t\t\t\t<div class=\"e-n-carousel swiper\" role=\"region\" aria-roledescription=\"carousel\" aria-label=\"Karussell\" dir=\"ltr\">\n\t\t\t<div class=\"swiper-wrapper\" aria-live=\"off\">\n\t\t\t\t\t\t\t\t\t\t<div class=\"swiper-slide\" data-slide=\"1\" role=\"group\" aria-roledescription=\"slide\" aria-label=\"1 von 5\">\n\t\t\t\t\t\t\t<div class=\"elementor-element elementor-element-477a43a e-flex e-con-boxed e-con e-child\" data-id=\"477a43a\" data-element_type=\"container\">\n\t\t\t\t\t<div class=\"e-con-inner\">\n\t\t\t\t<div class=\"elementor-element elementor-element-d3b6cc2 elementor-widget elementor-widget-image\" data-id=\"d3b6cc2\" data-element_type=\"widget\" data-widget_type=\"image.default\">\n\t\t\t\t<div class=\"elementor-widget-container\">\n\t\t\t\t\t\t\t\t\t\t\t\t\t\t\t<img fetchpriority=\"high\" decoding=\"async\" width=\"682\" height=\"1024\" src=\"https:\/\/naniloft.innovative-lab.de\/wp-content\/uploads\/2025\/02\/6_28986-682x1024.jpg\" class=\"attachment-large size-large wp-image-647\" alt=\"\" srcset=\"https:\/\/naniloft.innovative-lab.de\/wp-content\/uploads\/2025\/02\/6_28986-682x1024.jpg 682w, https:\/\/naniloft.innovative-lab.de\/wp-content\/uploads\/2025\/02\/6_28986-200x300.jpg 200w, https:\/\/naniloft.innovative-lab.de\/wp-content\/uploads\/2025\/02\/6_28986-768x1152.jpg 768w, https:\/\/naniloft.innovative-lab.de\/wp-content\/uploads\/2025\/02\/6_28986.jpg 933w\" sizes=\"(max-width: 682px) 100vw, 682px\" \/>\t\t\t\t\t\t\t\t\t\t\t\t\t\t\t<\/div>\n\t\t\t\t<\/div>\n\t\t\t\t\t<\/div>\n\t\t\t\t<\/div>\n\t\t\t\t\t\t\t\t<\/div>\n\t\t\t\t\t\t\t\t\t\t\t<div class=\"swiper-slide\" data-slide=\"2\" role=\"group\" aria-roledescription=\"slide\" aria-label=\"2 von 5\">\n\t\t\t\t\t\t\t<div class=\"elementor-element elementor-element-8d86105 e-flex e-con-boxed e-con e-child\" data-id=\"8d86105\" data-element_type=\"container\">\n\t\t\t\t\t<div class=\"e-con-inner\">\n\t\t\t\t<div class=\"elementor-element elementor-element-7eea29a elementor-widget elementor-widget-image\" data-id=\"7eea29a\" data-element_type=\"widget\" data-widget_type=\"image.default\">\n\t\t\t\t<div class=\"elementor-widget-container\">\n\t\t\t\t\t\t\t\t\t\t\t\t\t\t\t<img decoding=\"async\" width=\"682\" height=\"1024\" src=\"https:\/\/naniloft.innovative-lab.de\/wp-content\/uploads\/2025\/02\/EOSR8949-682x1024.jpg\" class=\"attachment-large size-large wp-image-650\" alt=\"\" srcset=\"https:\/\/naniloft.innovative-lab.de\/wp-content\/uploads\/2025\/02\/EOSR8949-682x1024.jpg 682w, https:\/\/naniloft.innovative-lab.de\/wp-content\/uploads\/2025\/02\/EOSR8949-200x300.jpg 200w, https:\/\/naniloft.innovative-lab.de\/wp-content\/uploads\/2025\/02\/EOSR8949-768x1152.jpg 768w, https:\/\/naniloft.innovative-lab.de\/wp-content\/uploads\/2025\/02\/EOSR8949.jpg 933w\" sizes=\"(max-width: 682px) 100vw, 682px\" \/>\t\t\t\t\t\t\t\t\t\t\t\t\t\t\t<\/div>\n\t\t\t\t<\/div>\n\t\t\t\t\t<\/div>\n\t\t\t\t<\/div>\n\t\t\t\t\t\t\t\t<\/div>\n\t\t\t\t\t\t\t\t\t\t\t<div class=\"swiper-slide\" data-slide=\"3\" role=\"group\" aria-roledescription=\"slide\" aria-label=\"3 von 5\">\n\t\t\t\t\t\t\t<div class=\"elementor-element elementor-element-6311775 e-flex e-con-boxed e-con e-child\" data-id=\"6311775\" data-element_type=\"container\">\n\t\t\t\t\t<div class=\"e-con-inner\">\n\t\t\t\t<div class=\"elementor-element elementor-element-5796ba2 elementor-widget elementor-widget-image\" data-id=\"5796ba2\" data-element_type=\"widget\" data-widget_type=\"image.default\">\n\t\t\t\t<div class=\"elementor-widget-container\">\n\t\t\t\t\t\t\t\t\t\t\t\t\t\t\t<img decoding=\"async\" width=\"682\" height=\"1024\" src=\"https:\/\/naniloft.innovative-lab.de\/wp-content\/uploads\/2025\/02\/EOSR8943-682x1024.jpg\" class=\"attachment-large size-large wp-image-649\" alt=\"\" srcset=\"https:\/\/naniloft.innovative-lab.de\/wp-content\/uploads\/2025\/02\/EOSR8943-682x1024.jpg 682w, https:\/\/naniloft.innovative-lab.de\/wp-content\/uploads\/2025\/02\/EOSR8943-200x300.jpg 200w, https:\/\/naniloft.innovative-lab.de\/wp-content\/uploads\/2025\/02\/EOSR8943-768x1152.jpg 768w, https:\/\/naniloft.innovative-lab.de\/wp-content\/uploads\/2025\/02\/EOSR8943.jpg 933w\" sizes=\"(max-width: 682px) 100vw, 682px\" \/>\t\t\t\t\t\t\t\t\t\t\t\t\t\t\t<\/div>\n\t\t\t\t<\/div>\n\t\t\t\t\t<\/div>\n\t\t\t\t<\/div>\n\t\t\t\t\t\t\t\t<\/div>\n\t\t\t\t\t\t\t\t\t\t\t<div class=\"swiper-slide\" data-slide=\"4\" role=\"group\" aria-roledescription=\"slide\" aria-label=\"4 von 5\">\n\t\t\t\t\t\t\t<div class=\"elementor-element elementor-element-2a406ce e-flex e-con-boxed e-con e-child\" data-id=\"2a406ce\" data-element_type=\"container\">\n\t\t\t\t\t<div class=\"e-con-inner\">\n\t\t\t\t<div class=\"elementor-element elementor-element-0c65060 elementor-widget elementor-widget-image\" data-id=\"0c65060\" data-element_type=\"widget\" data-widget_type=\"image.default\">\n\t\t\t\t<div class=\"elementor-widget-container\">\n\t\t\t\t\t\t\t\t\t\t\t\t\t\t\t<img loading=\"lazy\" decoding=\"async\" width=\"682\" height=\"1024\" src=\"https:\/\/naniloft.innovative-lab.de\/wp-content\/uploads\/2025\/02\/EOSR8951-682x1024.jpg\" class=\"attachment-large size-large wp-image-651\" alt=\"\" srcset=\"https:\/\/naniloft.innovative-lab.de\/wp-content\/uploads\/2025\/02\/EOSR8951-682x1024.jpg 682w, https:\/\/naniloft.innovative-lab.de\/wp-content\/uploads\/2025\/02\/EOSR8951-200x300.jpg 200w, https:\/\/naniloft.innovative-lab.de\/wp-content\/uploads\/2025\/02\/EOSR8951-768x1152.jpg 768w, https:\/\/naniloft.innovative-lab.de\/wp-content\/uploads\/2025\/02\/EOSR8951.jpg 933w\" sizes=\"(max-width: 682px) 100vw, 682px\" \/>\t\t\t\t\t\t\t\t\t\t\t\t\t\t\t<\/div>\n\t\t\t\t<\/div>\n\t\t\t\t\t<\/div>\n\t\t\t\t<\/div>\n\t\t\t\t\t\t\t\t<\/div>\n\t\t\t\t\t\t\t\t\t\t\t<div class=\"swiper-slide\" data-slide=\"5\" role=\"group\" aria-roledescription=\"slide\" aria-label=\"5 von 5\">\n\t\t\t\t\t\t\t<div class=\"elementor-element elementor-element-2f3e66e e-flex e-con-boxed e-con e-child\" data-id=\"2f3e66e\" data-element_type=\"container\">\n\t\t\t\t\t<div class=\"e-con-inner\">\n\t\t\t\t<div class=\"elementor-element elementor-element-6dc8ae9 elementor-widget elementor-widget-image\" data-id=\"6dc8ae9\" data-element_type=\"widget\" data-widget_type=\"image.default\">\n\t\t\t\t<div class=\"elementor-widget-container\">\n\t\t\t\t\t\t\t\t\t\t\t\t\t\t\t<img loading=\"lazy\" decoding=\"async\" width=\"682\" height=\"1024\" src=\"https:\/\/naniloft.innovative-lab.de\/wp-content\/uploads\/2025\/02\/EOSR8971-682x1024.jpg\" class=\"attachment-large size-large wp-image-653\" alt=\"\" srcset=\"https:\/\/naniloft.innovative-lab.de\/wp-content\/uploads\/2025\/02\/EOSR8971-682x1024.jpg 682w, https:\/\/naniloft.innovative-lab.de\/wp-content\/uploads\/2025\/02\/EOSR8971-200x300.jpg 200w, https:\/\/naniloft.innovative-lab.de\/wp-content\/uploads\/2025\/02\/EOSR8971-768x1152.jpg 768w, https:\/\/naniloft.innovative-lab.de\/wp-content\/uploads\/2025\/02\/EOSR8971.jpg 933w\" sizes=\"(max-width: 682px) 100vw, 682px\" \/>\t\t\t\t\t\t\t\t\t\t\t\t\t\t\t<\/div>\n\t\t\t\t<\/div>\n\t\t\t\t\t<\/div>\n\t\t\t\t<\/div>\n\t\t\t\t\t\t\t\t<\/div>\n\t\t\t\t\t\t\t\t<\/div>\n\t\t<\/div>\n\t\t\t\t\t\t<\/div>\n\t\t\t\t<\/div>\n\t\t\t\t<\/div>\n\t\t<div class=\"elementor-element elementor-element-3c84871 e-flex e-con-boxed e-con e-parent\" data-id=\"3c84871\" data-element_type=\"container\">\n\t\t\t\t\t<div class=\"e-con-inner\">\n\t\t\t\t<div class=\"elementor-element elementor-element-7ad8393 elementor-widget-divider--view-line elementor-widget elementor-widget-divider\" data-id=\"7ad8393\" data-element_type=\"widget\" data-widget_type=\"divider.default\">\n\t\t\t\t<div class=\"elementor-widget-container\">\n\t\t\t\t\t\t\t<div class=\"elementor-divider\">\n\t\t\t<span class=\"elementor-divider-separator\">\n\t\t\t\t\t\t<\/span>\n\t\t<\/div>\n\t\t\t\t\t\t<\/div>\n\t\t\t\t<\/div>\n\t\t\t\t\t<\/div>\n\t\t\t\t<\/div>\n\t\t<div class=\"elementor-element elementor-element-ebce954 e-flex e-con-boxed e-con e-parent\" data-id=\"ebce954\" data-element_type=\"container\">\n\t\t\t\t\t<div class=\"e-con-inner\">\n\t\t\t\t<div class=\"elementor-element elementor-element-ecb6500 elementor-widget__width-initial elementor-widget elementor-widget-heading\" data-id=\"ecb6500\" data-element_type=\"widget\" data-widget_type=\"heading.default\">\n\t\t\t\t<div class=\"elementor-widget-container\">\n\t\t\t\t\t<h2 class=\"elementor-heading-title elementor-size-default\">Shopping in entspannter Atmosph\u00e4re \u2013 nur f\u00fcr euch!<\/h2>\t\t\t\t<\/div>\n\t\t\t\t<\/div>\n\t\t\t\t<div class=\"elementor-element elementor-element-84ea9f8 elementor-widget elementor-widget-text-editor\" data-id=\"84ea9f8\" data-element_type=\"widget\" data-widget_type=\"text-editor.default\">\n\t\t\t\t<div class=\"elementor-widget-container\">\n\t\t\t\t\t\t\t\t\t<p>Nani Loft bietet einen au\u00dfergew\u00f6hnlichen Raum, der <strong>ausschlie\u00dflich f\u00fcr euch<\/strong> geschaffen wurde. Hier ist der perfekte Ort, um gemeinsam eine sch\u00f6ne Zeit zu genie\u00dfen und <strong>besondere Momente miteinander zu teilen<\/strong>.<\/p>\t\t\t\t\t\t\t\t<\/div>\n\t\t\t\t<\/div>\n\t\t\t\t<div class=\"elementor-element elementor-element-8790afa elementor-align-left elementor-tablet-align-left elementor-widget elementor-widget-button\" data-id=\"8790afa\" data-element_type=\"widget\" data-widget_type=\"button.default\">\n\t\t\t\t<div class=\"elementor-widget-container\">\n\t\t\t\t\t\t\t\t\t<div class=\"elementor-button-wrapper\">\n\t\t\t\t\t<a class=\"elementor-button elementor-button-link elementor-size-sm\" href=\"https:\/\/naniloft.innovative-lab.de\/index.php\/kontakt\/\">\n\t\t\t\t\t\t<span class=\"elementor-button-content-wrapper\">\n\t\t\t\t\t\t\t\t\t<span class=\"elementor-button-text\">Jetzt Termin vereinbaren<\/span>\n\t\t\t\t\t<\/span>\n\t\t\t\t\t<\/a>\n\t\t\t\t<\/div>\n\t\t\t\t\t\t\t\t<\/div>\n\t\t\t\t<\/div>\n\t\t\t\t\t<\/div>\n\t\t\t\t<\/div>\n\t\t<div class=\"elementor-element elementor-element-d186a27 e-flex e-con-boxed e-con e-parent\" data-id=\"d186a27\" data-element_type=\"container\">\n\t\t\t\t\t<div class=\"e-con-inner\">\n\t\t\t\t<div class=\"elementor-element elementor-element-f6129f7 elementor-widget elementor-widget-spacer\" data-id=\"f6129f7\" data-element_type=\"widget\" data-widget_type=\"spacer.default\">\n\t\t\t\t<div class=\"elementor-widget-container\">\n\t\t\t\t\t\t\t<div class=\"elementor-spacer\">\n\t\t\t<div class=\"elementor-spacer-inner\"><\/div>\n\t\t<\/div>\n\t\t\t\t\t\t<\/div>\n\t\t\t\t<\/div>\n\t\t\t\t\t<\/div>\n\t\t\t\t<\/div>\n\t\t<div class=\"elementor-element elementor-element-ab90405 e-flex e-con-boxed e-con e-parent\" data-id=\"ab90405\" data-element_type=\"container\" data-settings=\"{&quot;background_background&quot;:&quot;classic&quot;}\">\n\t\t\t\t\t<div class=\"e-con-inner\">\n\t\t<div class=\"elementor-element elementor-element-9339de2 e-con-full e-flex e-con e-child\" data-id=\"9339de2\" data-element_type=\"container\" data-settings=\"{&quot;background_background&quot;:&quot;classic&quot;}\">\n\t\t\t\t<\/div>\n\t\t<div class=\"elementor-element elementor-element-8de0e1e e-con-full e-flex e-con e-child\" data-id=\"8de0e1e\" data-element_type=\"container\" data-settings=\"{&quot;background_background&quot;:&quot;classic&quot;}\">\n\t\t\t\t<div class=\"elementor-element elementor-element-8bdc7f0 elementor-widget elementor-widget-heading\" data-id=\"8bdc7f0\" data-element_type=\"widget\" data-widget_type=\"heading.default\">\n\t\t\t\t<div class=\"elementor-widget-container\">\n\t\t\t\t\t<h2 class=\"elementor-heading-title elementor-size-default\">Dein <span style=\"color:#c39226;font-style:italic\"> Event <\/span>&nbsp;im Nani Loft<\/h2>\t\t\t\t<\/div>\n\t\t\t\t<\/div>\n\t\t\t\t<div class=\"elementor-element elementor-element-cbaa339 elementor-widget elementor-widget-text-editor\" data-id=\"cbaa339\" data-element_type=\"widget\" data-widget_type=\"text-editor.default\">\n\t\t\t\t<div class=\"elementor-widget-container\">\n\t\t\t\t\t\t\t\t\t<p>Erlebt eine unvergessliche Zeit im Nani Loft, die ganz euch geh\u00f6rt. St\u00f6bert in exklusiven Fashion-Highlights, genie\u00dft einen erfrischenden Drink und lasst euch vielleicht sogar mit einem pers\u00f6nlichen Touch-Over verw\u00f6hnen.<\/p><p>Im Nani soll f\u00fcr euch das Shopping zum Erlebnis werden &#8211; entspannt, au\u00dfergew\u00f6hnlich und nur f\u00fcr Freundinnen kreiert.<\/p>\t\t\t\t\t\t\t\t<\/div>\n\t\t\t\t<\/div>\n\t\t\t\t<\/div>\n\t\t\t\t\t<\/div>\n\t\t\t\t<\/div>\n\t\t<div class=\"elementor-element elementor-element-e8d6bb8 e-flex e-con-boxed e-con e-parent\" data-id=\"e8d6bb8\" data-element_type=\"container\">\n\t\t\t\t\t<div class=\"e-con-inner\">\n\t\t\t\t<div class=\"elementor-element elementor-element-473c36f elementor-widget elementor-widget-spacer\" data-id=\"473c36f\" data-element_type=\"widget\" data-widget_type=\"spacer.default\">\n\t\t\t\t<div class=\"elementor-widget-container\">\n\t\t\t\t\t\t\t<div class=\"elementor-spacer\">\n\t\t\t<div class=\"elementor-spacer-inner\"><\/div>\n\t\t<\/div>\n\t\t\t\t\t\t<\/div>\n\t\t\t\t<\/div>\n\t\t\t\t\t<\/div>\n\t\t\t\t<\/div>\n\t\t<div class=\"elementor-element elementor-element-7ec70ed e-con-full e-flex e-con e-parent\" data-id=\"7ec70ed\" data-element_type=\"container\">\n\t\t<div class=\"elementor-element elementor-element-c3ddeb8 e-con-full e-flex e-con e-child\" data-id=\"c3ddeb8\" data-element_type=\"container\" data-settings=\"{&quot;background_background&quot;:&quot;classic&quot;}\">\n\t\t\t\t<\/div>\n\t\t<div class=\"elementor-element elementor-element-dd3079e e-flex e-con-boxed e-con e-child\" data-id=\"dd3079e\" data-element_type=\"container\" data-settings=\"{&quot;background_background&quot;:&quot;classic&quot;}\">\n\t\t\t\t\t<div class=\"e-con-inner\">\n\t\t\t\t<div class=\"elementor-element elementor-element-d49d348 elementor-widget__width-initial elementor-widget elementor-widget-heading\" data-id=\"d49d348\" data-element_type=\"widget\" data-widget_type=\"heading.default\">\n\t\t\t\t<div class=\"elementor-widget-container\">\n\t\t\t\t\t<h2 class=\"elementor-heading-title elementor-size-default\">Ablauf & Termin<\/h2>\t\t\t\t<\/div>\n\t\t\t\t<\/div>\n\t\t\t\t<div class=\"elementor-element elementor-element-67c9198 elementor-widget__width-initial elementor-widget elementor-widget-text-editor\" data-id=\"67c9198\" data-element_type=\"widget\" data-widget_type=\"text-editor.default\">\n\t\t\t\t<div class=\"elementor-widget-container\">\n\t\t\t\t\t\t\t\t\t<p>Vereinbare deinen Termin mit mir und kl\u00e4re alle Details und W\u00fcnsche ganz entspannt in einem pers\u00f6nlichen Gespr\u00e4ch.<\/p>\t\t\t\t\t\t\t\t<\/div>\n\t\t\t\t<\/div>\n\t\t\t\t<div class=\"elementor-element elementor-element-078e849 elementor-align-left elementor-tablet-align-left elementor-widget elementor-widget-button\" data-id=\"078e849\" data-element_type=\"widget\" data-widget_type=\"button.default\">\n\t\t\t\t<div class=\"elementor-widget-container\">\n\t\t\t\t\t\t\t\t\t<div class=\"elementor-button-wrapper\">\n\t\t\t\t\t<a class=\"elementor-button elementor-button-link elementor-size-sm\" href=\"https:\/\/naniloft.innovative-lab.de\/index.php\/kontakt\/\">\n\t\t\t\t\t\t<span class=\"elementor-button-content-wrapper\">\n\t\t\t\t\t\t\t\t\t<span class=\"elementor-button-text\">Jetzt Termin vereinbaren<\/span>\n\t\t\t\t\t<\/span>\n\t\t\t\t\t<\/a>\n\t\t\t\t<\/div>\n\t\t\t\t\t\t\t\t<\/div>\n\t\t\t\t<\/div>\n\t\t\t\t\t<\/div>\n\t\t\t\t<\/div>\n\t\t\t\t<\/div>\n\t\t\t\t<\/div>\n\t\t","protected":false},"excerpt":{"rendered":"<p>Nani Fashion &amp; Friends St\u00f6bert gemeinsam, findet eure neuen Lieblingsst\u00fccke und erlebt Shopping, das ganz euch geh\u00f6rt. Shopping in entspannter Atmosph\u00e4re \u2013 nur f\u00fcr euch! Nani Loft bietet einen au\u00dfergew\u00f6hnlichen Raum, der ausschlie\u00dflich f\u00fcr euch geschaffen wurde. Hier ist der perfekte Ort, um gemeinsam eine sch\u00f6ne Zeit zu genie\u00dfen und besondere Momente miteinander zu teilen. [&hellip;]<\/p>\n","protected":false},"author":1,"featured_media":0,"parent":0,"menu_order":0,"comment_status":"closed","ping_status":"closed","template":"","meta":{"footnotes":""},"class_list":["post-639","page","type-page","status-publish","hentry"],"_links":{"self":[{"href":"https:\/\/naniloft.innovative-lab.de\/index.php\/wp-json\/wp\/v2\/pages\/639","targetHints":{"allow":["GET"]}}],"collection":[{"href":"https:\/\/naniloft.innovative-lab.de\/index.php\/wp-json\/wp\/v2\/pages"}],"about":[{"href":"https:\/\/naniloft.innovative-lab.de\/index.php\/wp-json\/wp\/v2\/types\/page"}],"author":[{"embeddable":true,"href":"https:\/\/naniloft.innovative-lab.de\/index.php\/wp-json\/wp\/v2\/users\/1"}],"replies":[{"embeddable":true,"href":"https:\/\/naniloft.innovative-lab.de\/index.php\/wp-json\/wp\/v2\/comments?post=639"}],"version-history":[{"count":79,"href":"https:\/\/naniloft.innovative-lab.de\/index.php\/wp-json\/wp\/v2\/pages\/639\/revisions"}],"predecessor-version":[{"id":1163,"href":"https:\/\/naniloft.innovative-lab.de\/index.php\/wp-json\/wp\/v2\/pages\/639\/revisions\/1163"}],"wp:attachment":[{"href":"https:\/\/naniloft.innovative-lab.de\/index.php\/wp-json\/wp\/v2\/media?parent=639"}],"curies":[{"name":"wp","href":"https:\/\/api.w.org\/{rel}","templated":true}]}}