{"id":394,"date":"2025-01-31T15:14:19","date_gmt":"2025-01-31T15:14:19","guid":{"rendered":"https:\/\/naniloft.innovative-lab.de\/?page_id=394"},"modified":"2025-03-15T11:26:56","modified_gmt":"2025-03-15T11:26:56","slug":"kontakt","status":"publish","type":"page","link":"https:\/\/naniloft.innovative-lab.de\/index.php\/kontakt\/","title":{"rendered":"Kontakt"},"content":{"rendered":"\t\t<div data-elementor-type=\"wp-page\" data-elementor-id=\"394\" class=\"elementor elementor-394\" data-elementor-post-type=\"page\">\n\t\t\t\t<div class=\"elementor-element elementor-element-0c84825 e-flex e-con-boxed e-con e-parent\" data-id=\"0c84825\" data-element_type=\"container\" data-settings=\"{&quot;background_background&quot;:&quot;classic&quot;}\">\n\t\t\t\t\t<div class=\"e-con-inner\">\n\t\t<div class=\"elementor-element elementor-element-1d9ff34 e-con-full e-flex e-con e-child\" data-id=\"1d9ff34\" data-element_type=\"container\" data-settings=\"{&quot;background_background&quot;:&quot;classic&quot;}\">\n\t\t<div class=\"elementor-element elementor-element-193fa36 e-con-full e-flex e-con e-child\" data-id=\"193fa36\" data-element_type=\"container\">\n\t\t<div class=\"elementor-element elementor-element-8b4e7a3 e-con-full e-flex e-con e-child\" data-id=\"8b4e7a3\" data-element_type=\"container\" data-settings=\"{&quot;background_background&quot;:&quot;classic&quot;}\">\n\t\t\t\t<div class=\"elementor-element elementor-element-415d3a1 elementor-widget elementor-widget-heading\" data-id=\"415d3a1\" data-element_type=\"widget\" data-widget_type=\"heading.default\">\n\t\t\t\t<div class=\"elementor-widget-container\">\n\t\t\t\t\t<h1 class=\"elementor-heading-title elementor-size-default\">Kontakt<\/h1>\t\t\t\t<\/div>\n\t\t\t\t<\/div>\n\t\t\t\t<div class=\"elementor-element elementor-element-51985b5 elementor-widget elementor-widget-text-editor\" data-id=\"51985b5\" data-element_type=\"widget\" data-widget_type=\"text-editor.default\">\n\t\t\t\t<div class=\"elementor-widget-container\">\n\t\t\t\t\t\t\t\t\t<p>Ich arbeite ausschlie\u00dflich mit vorher vereinbarten Terminen. Die Terminvergabe erfolgt direkt mit mir \u2013 <strong>per Telefon oder WhatsApp<\/strong>. So lernen wir uns pers\u00f6nlich kennen. Ich freue mich auf unser Gespr\u00e4ch!<\/p>\t\t\t\t\t\t\t\t<\/div>\n\t\t\t\t<\/div>\n\t\t\t\t<\/div>\n\t\t<div class=\"elementor-element elementor-element-a93ba7f e-con-full e-flex e-con e-child\" data-id=\"a93ba7f\" data-element_type=\"container\" data-settings=\"{&quot;background_background&quot;:&quot;classic&quot;}\">\n\t\t\t\t<div class=\"elementor-element elementor-element-c0fff71 elementor-align-center elementor-widget elementor-widget-button\" data-id=\"c0fff71\" data-element_type=\"widget\" data-widget_type=\"button.default\">\n\t\t\t\t<div class=\"elementor-widget-container\">\n\t\t\t\t\t\t\t\t\t<div class=\"elementor-button-wrapper\">\n\t\t\t\t\t<a class=\"elementor-button elementor-button-link elementor-size-sm\" href=\"tel:+491788461456\">\n\t\t\t\t\t\t<span class=\"elementor-button-content-wrapper\">\n\t\t\t\t\t\t<span class=\"elementor-button-icon\">\n\t\t\t\t<svg aria-hidden=\"true\" class=\"e-font-icon-svg e-fas-phone-alt\" viewBox=\"0 0 512 512\" xmlns=\"http:\/\/www.w3.org\/2000\/svg\"><path d=\"M497.39 361.8l-112-48a24 24 0 0 0-28 6.9l-49.6 60.6A370.66 370.66 0 0 1 130.6 204.11l60.6-49.6a23.94 23.94 0 0 0 6.9-28l-48-112A24.16 24.16 0 0 0 122.6.61l-104 24A24 24 0 0 0 0 48c0 256.5 207.9 464 464 464a24 24 0 0 0 23.4-18.6l24-104a24.29 24.29 0 0 0-14.01-27.6z\"><\/path><\/svg>\t\t\t<\/span>\n\t\t\t\t\t\t\t\t\t<span class=\"elementor-button-text\">+49 178 84 61 456<\/span>\n\t\t\t\t\t<\/span>\n\t\t\t\t\t<\/a>\n\t\t\t\t<\/div>\n\t\t\t\t\t\t\t\t<\/div>\n\t\t\t\t<\/div>\n\t\t\t\t<div class=\"elementor-element elementor-element-4f202ef elementor-widget elementor-widget-text-editor\" data-id=\"4f202ef\" data-element_type=\"widget\" data-widget_type=\"text-editor.default\">\n\t\t\t\t<div class=\"elementor-widget-container\">\n\t\t\t\t\t\t\t\t\t<p>Heike K\u00f6rntgen-Schreck<\/p>\t\t\t\t\t\t\t\t<\/div>\n\t\t\t\t<\/div>\n\t\t\t\t<\/div>\n\t\t\t\t<\/div>\n\t\t\t\t<\/div>\n\t\t\t\t\t<\/div>\n\t\t\t\t<\/div>\n\t\t<div class=\"elementor-element elementor-element-f580bc8 e-flex e-con-boxed e-con e-parent\" data-id=\"f580bc8\" data-element_type=\"container\">\n\t\t\t\t\t<div class=\"e-con-inner\">\n\t\t\t\t<div class=\"elementor-element elementor-element-3dd48fe elementor-widget elementor-widget-spacer\" data-id=\"3dd48fe\" data-element_type=\"widget\" data-widget_type=\"spacer.default\">\n\t\t\t\t<div class=\"elementor-widget-container\">\n\t\t\t\t\t\t\t<div class=\"elementor-spacer\">\n\t\t\t<div class=\"elementor-spacer-inner\"><\/div>\n\t\t<\/div>\n\t\t\t\t\t\t<\/div>\n\t\t\t\t<\/div>\n\t\t\t\t\t<\/div>\n\t\t\t\t<\/div>\n\t\t<div class=\"elementor-element elementor-element-c209fef e-flex e-con-boxed e-con e-parent\" data-id=\"c209fef\" data-element_type=\"container\" data-settings=\"{&quot;background_background&quot;:&quot;classic&quot;}\">\n\t\t\t\t\t<div class=\"e-con-inner\">\n\t\t<div class=\"elementor-element elementor-element-cac8bc5 e-con-full e-flex e-con e-child\" data-id=\"cac8bc5\" data-element_type=\"container\" data-settings=\"{&quot;background_background&quot;:&quot;classic&quot;}\">\n\t\t\t\t<div class=\"elementor-element elementor-element-5cd4964 elementor-widget elementor-widget-google_maps\" data-id=\"5cd4964\" data-element_type=\"widget\" data-widget_type=\"google_maps.default\">\n\t\t\t\t<div class=\"elementor-widget-container\">\n\t\t\t\t\t\t\t<div class=\"elementor-custom-embed\">\n\t\t\t<iframe loading=\"lazy\"\n\t\t\t\t\tsrc=\"https:\/\/maps.google.com\/maps?q=Nani%20Cosmetic%20GmbH%20Am%20Kuhm%2044%2046325%20Borken&#038;t=m&#038;z=10&#038;output=embed&#038;iwloc=near\"\n\t\t\t\t\ttitle=\"Nani Cosmetic GmbH Am Kuhm 44 46325 Borken\"\n\t\t\t\t\taria-label=\"Nani Cosmetic GmbH Am Kuhm 44 46325 Borken\"\n\t\t\t><\/iframe>\n\t\t<\/div>\n\t\t\t\t\t\t<\/div>\n\t\t\t\t<\/div>\n\t\t\t\t<\/div>\n\t\t<div class=\"elementor-element elementor-element-8d0d8e8 e-con-full e-flex e-con e-child\" data-id=\"8d0d8e8\" data-element_type=\"container\" data-settings=\"{&quot;background_background&quot;:&quot;classic&quot;}\">\n\t\t\t\t<div class=\"elementor-element elementor-element-147d6e3 elementor-widget elementor-widget-heading\" data-id=\"147d6e3\" data-element_type=\"widget\" data-widget_type=\"heading.default\">\n\t\t\t\t<div class=\"elementor-widget-container\">\n\t\t\t\t\t<h2 class=\"elementor-heading-title elementor-size-default\">Hier findest du das Nani Loft<\/h2>\t\t\t\t<\/div>\n\t\t\t\t<\/div>\n\t\t\t\t<div class=\"elementor-element elementor-element-1cc3335 elementor-widget elementor-widget-text-editor\" data-id=\"1cc3335\" data-element_type=\"widget\" data-widget_type=\"text-editor.default\">\n\t\t\t\t<div class=\"elementor-widget-container\">\n\t\t\t\t\t\t\t\t\t<p>Nani Cosmetic GmbH<br \/>Am Kuhm 44<br \/>46325 Borken<\/p>\t\t\t\t\t\t\t\t<\/div>\n\t\t\t\t<\/div>\n\t\t\t\t<\/div>\n\t\t\t\t\t<\/div>\n\t\t\t\t<\/div>\n\t\t\t\t<\/div>\n\t\t","protected":false},"excerpt":{"rendered":"<p>Kontakt Ich arbeite ausschlie\u00dflich mit vorher vereinbarten Terminen. Die Terminvergabe erfolgt direkt mit mir \u2013 per Telefon oder WhatsApp. So lernen wir uns pers\u00f6nlich kennen. Ich freue mich auf unser Gespr\u00e4ch! +49 178 84 61 456 Heike K\u00f6rntgen-Schreck Hier findest du das Nani Loft Nani Cosmetic GmbHAm Kuhm 4446325 Borken<\/p>\n","protected":false},"author":1,"featured_media":0,"parent":0,"menu_order":0,"comment_status":"closed","ping_status":"closed","template":"","meta":{"footnotes":""},"class_list":["post-394","page","type-page","status-publish","hentry"],"_links":{"self":[{"href":"https:\/\/naniloft.innovative-lab.de\/index.php\/wp-json\/wp\/v2\/pages\/394","targetHints":{"allow":["GET"]}}],"collection":[{"href":"https:\/\/naniloft.innovative-lab.de\/index.php\/wp-json\/wp\/v2\/pages"}],"about":[{"href":"https:\/\/naniloft.innovative-lab.de\/index.php\/wp-json\/wp\/v2\/types\/page"}],"author":[{"embeddable":true,"href":"https:\/\/naniloft.innovative-lab.de\/index.php\/wp-json\/wp\/v2\/users\/1"}],"replies":[{"embeddable":true,"href":"https:\/\/naniloft.innovative-lab.de\/index.php\/wp-json\/wp\/v2\/comments?post=394"}],"version-history":[{"count":47,"href":"https:\/\/naniloft.innovative-lab.de\/index.php\/wp-json\/wp\/v2\/pages\/394\/revisions"}],"predecessor-version":[{"id":983,"href":"https:\/\/naniloft.innovative-lab.de\/index.php\/wp-json\/wp\/v2\/pages\/394\/revisions\/983"}],"wp:attachment":[{"href":"https:\/\/naniloft.innovative-lab.de\/index.php\/wp-json\/wp\/v2\/media?parent=394"}],"curies":[{"name":"wp","href":"https:\/\/api.w.org\/{rel}","templated":true}]}}